{"id":2,"date":"2011-01-06T20:15:15","date_gmt":"2011-01-06T20:15:15","guid":{"rendered":"http:\/\/localhost\/wordpress\/?page_id=2"},"modified":"2025-10-08T11:56:40","modified_gmt":"2025-10-08T09:56:40","slug":"karrekoor","status":"publish","type":"page","link":"https:\/\/www.karrekoor.nl\/","title":{"rendered":""},"content":{"rendered":"<div class=\"page-restrict-output\">\n<h2 class=\"wp-block-heading has-text-align-center\" style=\"font-style:normal;font-weight:700\"><mark style=\"background-color:rgba(0, 0, 0, 0)\" class=\"has-inline-color has-vivid-red-color\">&#8220;Samen zingen maakt gelukkiger&#8221; <\/mark><br>  <mark style=\"background-color:rgba(0, 0, 0, 0)\" class=\"has-inline-color has-vivid-red-color\">&#8220;Als je je niet goed voelt, kom dan juist w\u00e9l&#8221;.<\/mark><\/h2>\n\n\n\n<p class=\"has-text-align-center\"><em>(uit De Volkskrant, 22 maart 2025)<\/em><\/p>\n\n\n\n<figure class=\"wp-block-image size-large\"><a href=\"https:\/\/www.karrekoor.nl\/wp-content\/uploads\/2025\/10\/Uitnodiging-Lustrumconcert-ter-gelegenheid-van-40-jaar-Karrekoor-8-november-2025-scaled.png\"><img loading=\"lazy\" decoding=\"async\" width=\"724\" height=\"1024\" src=\"https:\/\/www.karrekoor.nl\/wp-content\/uploads\/2025\/10\/Uitnodiging-Lustrumconcert-ter-gelegenheid-van-40-jaar-Karrekoor-8-november-2025-724x1024.png\" alt=\"\" class=\"wp-image-2815\" srcset=\"https:\/\/www.karrekoor.nl\/wp-content\/uploads\/2025\/10\/Uitnodiging-Lustrumconcert-ter-gelegenheid-van-40-jaar-Karrekoor-8-november-2025-724x1024.png 724w, https:\/\/www.karrekoor.nl\/wp-content\/uploads\/2025\/10\/Uitnodiging-Lustrumconcert-ter-gelegenheid-van-40-jaar-Karrekoor-8-november-2025-212x300.png 212w, https:\/\/www.karrekoor.nl\/wp-content\/uploads\/2025\/10\/Uitnodiging-Lustrumconcert-ter-gelegenheid-van-40-jaar-Karrekoor-8-november-2025-768x1086.png 768w, https:\/\/www.karrekoor.nl\/wp-content\/uploads\/2025\/10\/Uitnodiging-Lustrumconcert-ter-gelegenheid-van-40-jaar-Karrekoor-8-november-2025-1086x1536.png 1086w, https:\/\/www.karrekoor.nl\/wp-content\/uploads\/2025\/10\/Uitnodiging-Lustrumconcert-ter-gelegenheid-van-40-jaar-Karrekoor-8-november-2025-1448x2048.png 1448w, https:\/\/www.karrekoor.nl\/wp-content\/uploads\/2025\/10\/Uitnodiging-Lustrumconcert-ter-gelegenheid-van-40-jaar-Karrekoor-8-november-2025-scaled.png 1810w\" sizes=\"auto, (max-width: 724px) 100vw, 724px\" \/><\/a><\/figure>\n\n\n\n<h2 class=\"wp-block-heading\" style=\"font-style:normal;font-weight:700\">Algemeen<\/h2>\n\n\n\n<p>Het Karrekoor is in 1985 opgericht en is daarmee \u00e9\u00e9n van de oudste, zo niet het oudste buurtkoor uit Groningen.<br>Het koor bestaat op dit moment uit zo&#8217;n 30 enthousiaste amateurzangers en -zangeressen (sopranen, alten en bassen).<\/p>\n\n\n\n<figure class=\"wp-block-image size-large\"><a href=\"https:\/\/www.karrekoor.nl\/wp-content\/uploads\/2025\/10\/koorfoto-trap-floreshuis.jpeg\"><img loading=\"lazy\" decoding=\"async\" width=\"1024\" height=\"691\" src=\"https:\/\/www.karrekoor.nl\/wp-content\/uploads\/2025\/10\/koorfoto-trap-floreshuis-1024x691.jpeg\" alt=\"\" class=\"wp-image-2814\" srcset=\"https:\/\/www.karrekoor.nl\/wp-content\/uploads\/2025\/10\/koorfoto-trap-floreshuis-1024x691.jpeg 1024w, https:\/\/www.karrekoor.nl\/wp-content\/uploads\/2025\/10\/koorfoto-trap-floreshuis-300x202.jpeg 300w, https:\/\/www.karrekoor.nl\/wp-content\/uploads\/2025\/10\/koorfoto-trap-floreshuis-768x518.jpeg 768w, https:\/\/www.karrekoor.nl\/wp-content\/uploads\/2025\/10\/koorfoto-trap-floreshuis-1536x1036.jpeg 1536w, https:\/\/www.karrekoor.nl\/wp-content\/uploads\/2025\/10\/koorfoto-trap-floreshuis.jpeg 2048w\" sizes=\"auto, (max-width: 1024px) 100vw, 1024px\" \/><\/a><\/figure>\n\n\n\n<p>We zingen een zeer gevarieerd repertoire, met een kleine voorkeur voor licht klassiek. Veelzijdigheid en afwisseling zijn belangrijk, maar we vinden het vooral van belang dat het voor iedereen leuk is om mee te zingen. Daarom hoef je bij ons geen auditie te doen. Je hoeft overigens ook niet in Groningen te wonen om mee te doen.<\/p>\n\n\n\n<h2 class=\"wp-block-heading\" style=\"font-style:normal;font-weight:700\">Dirigent<\/h2>\n\n\n\n<p>Het Karrekoor staat met ingang van 6 mei 2025 onder leiding van <strong>Mayra Garrido-Kock<\/strong>.<\/p>\n\n\n\n<p>Mayra is geboren te Cuba en begon haar muziekstudie op de leeftijd van 8 jaar aan het conservatorium Guillermo Tomas, met piano als specialisatie. Ze vervolgde haar studie aan het conservatorium Amadeo Roldan met als specialisatie piano en koordirectie. In 1982 studeerde ze af met een \u201cDiploma de Oro\u201d aan de Instituto Superior de Arte te Havana.<br>Van 1985 tot 1997 gaf Mayra les aan de Afdeling Koordirectie van het Instituto Superior de Arte in Havana.<br>In 1997 ging ze op Aruba wonen wegens haar huwelijk met Edwin Kock, waar zij in 1998 het \u201cGemengd Kamerkoor ARS NOVA\u201d heeft opgericht. Het koor deed mee aan verschillende internationale korenfestivals in Curacao, Cuba, Spanje, Nederland, Colombia, Peru en Ecuador.<br>Mayra heeft lezingen en workshops gegeven in Venezuela, Curacao en Aruba waarin het belang van stemvorming en techniek van dirigeren aan de orde kwamen.<br>Sinds augustus 2021 woont ze in Groningen. Zij heeft haar eigen bedrijf (Mayra&#8217;s Academy of Music) opgericht om piano, zang en koortechniek lessen te geven.<\/p>\n\n\n\n<h2 class=\"wp-block-heading\" style=\"font-style:normal;font-weight:700\">Zangers en zangeressen gezocht<\/h2>\n\n\n\n<p>Ben je een enthousiast amateurzanger(es) of wil je eens ondervinden of zingen leuk is, kom dan gerust een paar keer meezingen om te kijken of het iets voor je is!<br>Gezien de samenstelling van het koor zijn we voornamelijk op zoek naar mannenstemmen (tenoren en bassen)<\/p>\n\n\n\n<h2 class=\"wp-block-heading\" style=\"font-style:normal;font-weight:700\">Repetities<\/h2>\n\n\n\n<p>Onze repetities zijn op dinsdagavond van 20.00-22.00 uur in het Floreshuis aan het Floresplein in Groningen, met om 21.00 uur een korte pauze en na afloop de mogelijkheid om nog even wat drinken en bij te kletsen. Als je zingen bij ons dan &#8211; ongetwijfeld &#8211; leuk vindt, meld je je aan als lid.<\/p>\n\n\n\n<p>Op het tabblad Optredens vind je eventuele informatie over komende concerten.<\/p>\n\n\n\n<h2 class=\"wp-block-heading\" style=\"font-style:normal;font-weight:700\">Word ook Vriend van het Karrekoor!<\/h2>\n\n\n\n<p>Dat kan al vanaf \u20ac 10,- per jaar. Dan steun je het Karrekoor, krijg je korting op de entreeprijs van onze optredens en houden we je per e-mail op de hoogte van concerten en speciale Vriendenacties.<br>Stuur een e-mail naar <a href=\"mailto:info@karrekoor.nl\">info@karrekoor.nl<\/a> om je aan te melden. Je krijgt dan een e-mail met gegevens over onze Vriendenactie, bankrekening etc.<\/p>\n<\/div>","protected":false},"excerpt":{"rendered":"<div class=\"page-restrict-output\"><p>&#8220;Samen zingen maakt gelukkiger&#8221; &#8220;Als je je niet goed voelt, kom dan juist w\u00e9l&#8221;. (uit De Volkskrant, 22 maart 2025) Algemeen Het Karrekoor is in 1985 opgericht en is daarmee \u00e9\u00e9n van de oudste, zo niet het oudste buurtkoor uit &hellip; <a href=\"https:\/\/www.karrekoor.nl\/\">Lees verder <span class=\"meta-nav\">&rarr;<\/span><\/a><\/p>\n<\/div>","protected":false},"author":132,"featured_media":0,"parent":0,"menu_order":0,"comment_status":"closed","ping_status":"closed","template":"onecolumn-page.php","meta":{"footnotes":""},"class_list":["post-2","page","type-page","status-publish","hentry"],"yoast_head":"<!-- This site is optimized with the Yoast SEO plugin v25.6 - https:\/\/yoast.com\/wordpress\/plugins\/seo\/ -->\n<title>- Karrekoor<\/title>\n<meta name=\"robots\" content=\"index, follow, max-snippet:-1, max-image-preview:large, max-video-preview:-1\" \/>\n<link rel=\"canonical\" href=\"https:\/\/www.karrekoor.nl\/\" \/>\n<meta property=\"og:locale\" content=\"nl_NL\" \/>\n<meta property=\"og:type\" content=\"article\" \/>\n<meta property=\"og:title\" content=\"- Karrekoor\" \/>\n<meta property=\"og:description\" content=\"&#8220;Samen zingen maakt gelukkiger&#8221; &#8220;Als je je niet goed voelt, kom dan juist w\u00e9l&#8221;. (uit De Volkskrant, 22 maart 2025) Algemeen Het Karrekoor is in 1985 opgericht en is daarmee \u00e9\u00e9n van de oudste, zo niet het oudste buurtkoor uit &hellip; Lees verder &rarr;\" \/>\n<meta property=\"og:url\" content=\"https:\/\/www.karrekoor.nl\/\" \/>\n<meta property=\"og:site_name\" content=\"Karrekoor\" \/>\n<meta property=\"article:publisher\" content=\"https:\/\/www.facebook.com\/groups\/230346100429981\/\" \/>\n<meta property=\"article:modified_time\" content=\"2025-10-08T09:56:40+00:00\" \/>\n<meta property=\"og:image\" content=\"https:\/\/www.karrekoor.nl\/wp-content\/uploads\/2025\/10\/Uitnodiging-Lustrumconcert-ter-gelegenheid-van-40-jaar-Karrekoor-8-november-2025-724x1024.png\" \/>\n\t<meta property=\"og:image:width\" content=\"724\" \/>\n\t<meta property=\"og:image:height\" content=\"1024\" \/>\n\t<meta property=\"og:image:type\" content=\"image\/png\" \/>\n<meta name=\"twitter:card\" content=\"summary_large_image\" \/>\n<meta name=\"twitter:label1\" content=\"Geschatte leestijd\" \/>\n\t<meta name=\"twitter:data1\" content=\"3 minuten\" \/>\n<script type=\"application\/ld+json\" class=\"yoast-schema-graph\">{\"@context\":\"https:\/\/schema.org\",\"@graph\":[{\"@type\":\"WebPage\",\"@id\":\"https:\/\/www.karrekoor.nl\/\",\"url\":\"https:\/\/www.karrekoor.nl\/\",\"name\":\"- Karrekoor\",\"isPartOf\":{\"@id\":\"https:\/\/www.karrekoor.nl\/#website\"},\"primaryImageOfPage\":{\"@id\":\"https:\/\/www.karrekoor.nl\/#primaryimage\"},\"image\":{\"@id\":\"https:\/\/www.karrekoor.nl\/#primaryimage\"},\"thumbnailUrl\":\"https:\/\/www.karrekoor.nl\/wp-content\/uploads\/2025\/10\/Uitnodiging-Lustrumconcert-ter-gelegenheid-van-40-jaar-Karrekoor-8-november-2025-724x1024.png\",\"datePublished\":\"2011-01-06T20:15:15+00:00\",\"dateModified\":\"2025-10-08T09:56:40+00:00\",\"inLanguage\":\"nl-NL\",\"potentialAction\":[{\"@type\":\"ReadAction\",\"target\":[\"https:\/\/www.karrekoor.nl\/\"]}]},{\"@type\":\"ImageObject\",\"inLanguage\":\"nl-NL\",\"@id\":\"https:\/\/www.karrekoor.nl\/#primaryimage\",\"url\":\"https:\/\/www.karrekoor.nl\/wp-content\/uploads\/2025\/10\/Uitnodiging-Lustrumconcert-ter-gelegenheid-van-40-jaar-Karrekoor-8-november-2025-scaled.png\",\"contentUrl\":\"https:\/\/www.karrekoor.nl\/wp-content\/uploads\/2025\/10\/Uitnodiging-Lustrumconcert-ter-gelegenheid-van-40-jaar-Karrekoor-8-november-2025-scaled.png\",\"width\":1810,\"height\":2560},{\"@type\":\"WebSite\",\"@id\":\"https:\/\/www.karrekoor.nl\/#website\",\"url\":\"https:\/\/www.karrekoor.nl\/\",\"name\":\"Karrekoor\",\"description\":\"Het leukste koor van Groningen\",\"publisher\":{\"@id\":\"https:\/\/www.karrekoor.nl\/#organization\"},\"potentialAction\":[{\"@type\":\"SearchAction\",\"target\":{\"@type\":\"EntryPoint\",\"urlTemplate\":\"https:\/\/www.karrekoor.nl\/?s={search_term_string}\"},\"query-input\":{\"@type\":\"PropertyValueSpecification\",\"valueRequired\":true,\"valueName\":\"search_term_string\"}}],\"inLanguage\":\"nl-NL\"},{\"@type\":\"Organization\",\"@id\":\"https:\/\/www.karrekoor.nl\/#organization\",\"name\":\"Het Karrekoor\",\"url\":\"https:\/\/www.karrekoor.nl\/\",\"logo\":{\"@type\":\"ImageObject\",\"inLanguage\":\"nl-NL\",\"@id\":\"https:\/\/www.karrekoor.nl\/#\/schema\/logo\/image\/\",\"url\":\"https:\/\/www.karrekoor.nl\/wp-content\/uploads\/2022\/09\/het-karrekoor-het-leukste-koor-full-size.jpg\",\"contentUrl\":\"https:\/\/www.karrekoor.nl\/wp-content\/uploads\/2022\/09\/het-karrekoor-het-leukste-koor-full-size.jpg\",\"width\":378,\"height\":887,\"caption\":\"Het Karrekoor\"},\"image\":{\"@id\":\"https:\/\/www.karrekoor.nl\/#\/schema\/logo\/image\/\"},\"sameAs\":[\"https:\/\/www.facebook.com\/groups\/230346100429981\/\"]}]}<\/script>\n<!-- \/ Yoast SEO plugin. -->","yoast_head_json":{"title":"- Karrekoor","robots":{"index":"index","follow":"follow","max-snippet":"max-snippet:-1","max-image-preview":"max-image-preview:large","max-video-preview":"max-video-preview:-1"},"canonical":"https:\/\/www.karrekoor.nl\/","og_locale":"nl_NL","og_type":"article","og_title":"- Karrekoor","og_description":"&#8220;Samen zingen maakt gelukkiger&#8221; &#8220;Als je je niet goed voelt, kom dan juist w\u00e9l&#8221;. (uit De Volkskrant, 22 maart 2025) Algemeen Het Karrekoor is in 1985 opgericht en is daarmee \u00e9\u00e9n van de oudste, zo niet het oudste buurtkoor uit &hellip; Lees verder &rarr;","og_url":"https:\/\/www.karrekoor.nl\/","og_site_name":"Karrekoor","article_publisher":"https:\/\/www.facebook.com\/groups\/230346100429981\/","article_modified_time":"2025-10-08T09:56:40+00:00","og_image":[{"width":724,"height":1024,"url":"https:\/\/www.karrekoor.nl\/wp-content\/uploads\/2025\/10\/Uitnodiging-Lustrumconcert-ter-gelegenheid-van-40-jaar-Karrekoor-8-november-2025-724x1024.png","type":"image\/png"}],"twitter_card":"summary_large_image","twitter_misc":{"Geschatte leestijd":"3 minuten"},"schema":{"@context":"https:\/\/schema.org","@graph":[{"@type":"WebPage","@id":"https:\/\/www.karrekoor.nl\/","url":"https:\/\/www.karrekoor.nl\/","name":"- Karrekoor","isPartOf":{"@id":"https:\/\/www.karrekoor.nl\/#website"},"primaryImageOfPage":{"@id":"https:\/\/www.karrekoor.nl\/#primaryimage"},"image":{"@id":"https:\/\/www.karrekoor.nl\/#primaryimage"},"thumbnailUrl":"https:\/\/www.karrekoor.nl\/wp-content\/uploads\/2025\/10\/Uitnodiging-Lustrumconcert-ter-gelegenheid-van-40-jaar-Karrekoor-8-november-2025-724x1024.png","datePublished":"2011-01-06T20:15:15+00:00","dateModified":"2025-10-08T09:56:40+00:00","inLanguage":"nl-NL","potentialAction":[{"@type":"ReadAction","target":["https:\/\/www.karrekoor.nl\/"]}]},{"@type":"ImageObject","inLanguage":"nl-NL","@id":"https:\/\/www.karrekoor.nl\/#primaryimage","url":"https:\/\/www.karrekoor.nl\/wp-content\/uploads\/2025\/10\/Uitnodiging-Lustrumconcert-ter-gelegenheid-van-40-jaar-Karrekoor-8-november-2025-scaled.png","contentUrl":"https:\/\/www.karrekoor.nl\/wp-content\/uploads\/2025\/10\/Uitnodiging-Lustrumconcert-ter-gelegenheid-van-40-jaar-Karrekoor-8-november-2025-scaled.png","width":1810,"height":2560},{"@type":"WebSite","@id":"https:\/\/www.karrekoor.nl\/#website","url":"https:\/\/www.karrekoor.nl\/","name":"Karrekoor","description":"Het leukste koor van Groningen","publisher":{"@id":"https:\/\/www.karrekoor.nl\/#organization"},"potentialAction":[{"@type":"SearchAction","target":{"@type":"EntryPoint","urlTemplate":"https:\/\/www.karrekoor.nl\/?s={search_term_string}"},"query-input":{"@type":"PropertyValueSpecification","valueRequired":true,"valueName":"search_term_string"}}],"inLanguage":"nl-NL"},{"@type":"Organization","@id":"https:\/\/www.karrekoor.nl\/#organization","name":"Het Karrekoor","url":"https:\/\/www.karrekoor.nl\/","logo":{"@type":"ImageObject","inLanguage":"nl-NL","@id":"https:\/\/www.karrekoor.nl\/#\/schema\/logo\/image\/","url":"https:\/\/www.karrekoor.nl\/wp-content\/uploads\/2022\/09\/het-karrekoor-het-leukste-koor-full-size.jpg","contentUrl":"https:\/\/www.karrekoor.nl\/wp-content\/uploads\/2022\/09\/het-karrekoor-het-leukste-koor-full-size.jpg","width":378,"height":887,"caption":"Het Karrekoor"},"image":{"@id":"https:\/\/www.karrekoor.nl\/#\/schema\/logo\/image\/"},"sameAs":["https:\/\/www.facebook.com\/groups\/230346100429981\/"]}]}},"_links":{"self":[{"href":"https:\/\/www.karrekoor.nl\/index.php\/wp-json\/wp\/v2\/pages\/2","targetHints":{"allow":["GET"]}}],"collection":[{"href":"https:\/\/www.karrekoor.nl\/index.php\/wp-json\/wp\/v2\/pages"}],"about":[{"href":"https:\/\/www.karrekoor.nl\/index.php\/wp-json\/wp\/v2\/types\/page"}],"author":[{"embeddable":true,"href":"https:\/\/www.karrekoor.nl\/index.php\/wp-json\/wp\/v2\/users\/132"}],"replies":[{"embeddable":true,"href":"https:\/\/www.karrekoor.nl\/index.php\/wp-json\/wp\/v2\/comments?post=2"}],"version-history":[{"count":200,"href":"https:\/\/www.karrekoor.nl\/index.php\/wp-json\/wp\/v2\/pages\/2\/revisions"}],"predecessor-version":[{"id":2844,"href":"https:\/\/www.karrekoor.nl\/index.php\/wp-json\/wp\/v2\/pages\/2\/revisions\/2844"}],"wp:attachment":[{"href":"https:\/\/www.karrekoor.nl\/index.php\/wp-json\/wp\/v2\/media?parent=2"}],"curies":[{"name":"wp","href":"https:\/\/api.w.org\/{rel}","templated":true}]}}